{"id":1519,"date":"2021-06-17T19:50:27","date_gmt":"2021-06-17T22:50:27","guid":{"rendered":"https:\/\/p7additives.com\/?page_id=1519"},"modified":"2025-11-14T10:20:47","modified_gmt":"2025-11-14T13:20:47","slug":"nossa-equipe","status":"publish","type":"page","link":"https:\/\/p7additives.com\/en\/nossa-equipe\/","title":{"rendered":"Our Team"},"content":{"rendered":"<div data-elementor-type=\"wp-page\" data-elementor-id=\"1519\" class=\"elementor elementor-1519\">\n\t\t\t\t\t\t<section class=\"elementor-section elementor-top-section elementor-element elementor-element-a1b43cf elementor-section-full_width elementor-section-height-min-height elementor-section-height-default elementor-section-items-middle\" data-id=\"a1b43cf\" data-element_type=\"section\" data-e-type=\"section\" data-settings=\"{&quot;background_background&quot;:&quot;classic&quot;}\">\n\t\t\t\t\t\t\t<div class=\"elementor-background-overlay\"><\/div>\n\t\t\t\t\t\t\t<div class=\"elementor-container elementor-column-gap-default\">\n\t\t\t\t\t<div class=\"elementor-column elementor-col-100 elementor-top-column elementor-element elementor-element-c4d6359\" data-id=\"c4d6359\" data-element_type=\"column\" data-e-type=\"column\">\n\t\t\t<div class=\"elementor-widget-wrap elementor-element-populated\">\n\t\t\t\t\t\t<div class=\"elementor-element elementor-element-2b487b7 elementor-widget elementor-widget-heading\" data-id=\"2b487b7\" data-element_type=\"widget\" data-e-type=\"widget\" data-widget_type=\"heading.default\">\n\t\t\t\t<div class=\"elementor-widget-container\">\n\t\t\t\t\t<h1 class=\"elementor-heading-title elementor-size-default\">Meet our team\u200b<\/h1>\t\t\t\t<\/div>\n\t\t\t\t<\/div>\n\t\t\t\t<div class=\"elementor-element elementor-element-a0ab646 elementor-widget elementor-widget-text-editor\" data-id=\"a0ab646\" data-element_type=\"widget\" data-e-type=\"widget\" data-widget_type=\"text-editor.default\">\n\t\t\t\t<div class=\"elementor-widget-container\">\n\t\t\t\t\t\t\t\t\t<p>Our team is made up of professionals with more than 30 years of experience in additivation of polymers, experience acquired with the most important additive manufacturers in the world.<\/p>\t\t\t\t\t\t\t\t<\/div>\n\t\t\t\t<\/div>\n\t\t\t\t\t<\/div>\n\t\t<\/div>\n\t\t\t\t\t<\/div>\n\t\t<\/section>\n\t\t\t\t<section class=\"elementor-section elementor-top-section elementor-element elementor-element-04671a0 elementor-section-boxed elementor-section-height-default elementor-section-height-default\" data-id=\"04671a0\" data-element_type=\"section\" data-e-type=\"section\">\n\t\t\t\t\t\t<div class=\"elementor-container elementor-column-gap-default\">\n\t\t\t\t\t<div class=\"elementor-column elementor-col-100 elementor-top-column elementor-element elementor-element-ef67497\" data-id=\"ef67497\" data-element_type=\"column\" data-e-type=\"column\">\n\t\t\t<div class=\"elementor-widget-wrap elementor-element-populated\">\n\t\t\t\t\t\t<div class=\"elementor-element elementor-element-7a95736 elementor-widget elementor-widget-image\" data-id=\"7a95736\" data-element_type=\"widget\" data-e-type=\"widget\" data-widget_type=\"image.default\">\n\t\t\t\t<div class=\"elementor-widget-container\">\n\t\t\t\t\t\t\t\t\t\t\t\t\t\t\t<img fetchpriority=\"high\" decoding=\"async\" width=\"1024\" height=\"576\" src=\"https:\/\/p7additives.com\/wp-content\/uploads\/2025\/11\/Slide4-1024x576.jpg\" class=\"attachment-large size-large wp-image-13871\" alt=\"\" srcset=\"https:\/\/p7additives.com\/wp-content\/uploads\/2025\/11\/Slide4-1024x576.jpg 1024w, https:\/\/p7additives.com\/wp-content\/uploads\/2025\/11\/Slide4-300x169.jpg 300w, https:\/\/p7additives.com\/wp-content\/uploads\/2025\/11\/Slide4-768x432.jpg 768w, https:\/\/p7additives.com\/wp-content\/uploads\/2025\/11\/Slide4-18x10.jpg 18w, https:\/\/p7additives.com\/wp-content\/uploads\/2025\/11\/Slide4.jpg 1280w\" sizes=\"(max-width: 1024px) 100vw, 1024px\" \/>\t\t\t\t\t\t\t\t\t\t\t\t\t\t\t<\/div>\n\t\t\t\t<\/div>\n\t\t\t\t\t<\/div>\n\t\t<\/div>\n\t\t\t\t\t<\/div>\n\t\t<\/section>\n\t\t\t\t<section class=\"elementor-section elementor-top-section elementor-element elementor-element-3e07edc elementor-section-boxed elementor-section-height-default elementor-section-height-default\" data-id=\"3e07edc\" data-element_type=\"section\" data-e-type=\"section\">\n\t\t\t\t\t\t<div class=\"elementor-container elementor-column-gap-default\">\n\t\t\t\t\t<div class=\"elementor-column elementor-col-100 elementor-top-column elementor-element elementor-element-f2ede56\" data-id=\"f2ede56\" data-element_type=\"column\" data-e-type=\"column\">\n\t\t\t<div class=\"elementor-widget-wrap elementor-element-populated\">\n\t\t\t\t\t\t<div class=\"elementor-element elementor-element-bcbdbe1 elementor-widget elementor-widget-image\" data-id=\"bcbdbe1\" data-element_type=\"widget\" data-e-type=\"widget\" data-widget_type=\"image.default\">\n\t\t\t\t<div class=\"elementor-widget-container\">\n\t\t\t\t\t\t\t\t\t\t\t\t\t\t\t<img decoding=\"async\" width=\"1024\" height=\"576\" src=\"https:\/\/p7additives.com\/wp-content\/uploads\/2025\/11\/Slide5-1024x576.jpg\" class=\"attachment-large size-large wp-image-13872\" alt=\"\" srcset=\"https:\/\/p7additives.com\/wp-content\/uploads\/2025\/11\/Slide5-1024x576.jpg 1024w, https:\/\/p7additives.com\/wp-content\/uploads\/2025\/11\/Slide5-300x169.jpg 300w, https:\/\/p7additives.com\/wp-content\/uploads\/2025\/11\/Slide5-768x432.jpg 768w, https:\/\/p7additives.com\/wp-content\/uploads\/2025\/11\/Slide5-18x10.jpg 18w, https:\/\/p7additives.com\/wp-content\/uploads\/2025\/11\/Slide5.jpg 1280w\" sizes=\"(max-width: 1024px) 100vw, 1024px\" \/>\t\t\t\t\t\t\t\t\t\t\t\t\t\t\t<\/div>\n\t\t\t\t<\/div>\n\t\t\t\t\t<\/div>\n\t\t<\/div>\n\t\t\t\t\t<\/div>\n\t\t<\/section>\n\t\t\t\t<section class=\"elementor-section elementor-top-section elementor-element elementor-element-036df80 elementor-section-boxed elementor-section-height-default elementor-section-height-default\" data-id=\"036df80\" data-element_type=\"section\" data-e-type=\"section\">\n\t\t\t\t\t\t<div class=\"elementor-container elementor-column-gap-default\">\n\t\t\t\t\t<div class=\"elementor-column elementor-col-100 elementor-top-column elementor-element elementor-element-b2a831d\" data-id=\"b2a831d\" data-element_type=\"column\" data-e-type=\"column\">\n\t\t\t<div class=\"elementor-widget-wrap elementor-element-populated\">\n\t\t\t\t\t\t<div class=\"elementor-element elementor-element-ebe72e0 elementor-widget elementor-widget-image\" data-id=\"ebe72e0\" data-element_type=\"widget\" data-e-type=\"widget\" data-widget_type=\"image.default\">\n\t\t\t\t<div class=\"elementor-widget-container\">\n\t\t\t\t\t\t\t\t\t\t\t\t\t\t\t<img decoding=\"async\" width=\"1024\" height=\"576\" src=\"https:\/\/p7additives.com\/wp-content\/uploads\/2025\/11\/Slide6-1024x576.jpg\" class=\"attachment-large size-large wp-image-13873\" alt=\"\" srcset=\"https:\/\/p7additives.com\/wp-content\/uploads\/2025\/11\/Slide6-1024x576.jpg 1024w, https:\/\/p7additives.com\/wp-content\/uploads\/2025\/11\/Slide6-300x169.jpg 300w, https:\/\/p7additives.com\/wp-content\/uploads\/2025\/11\/Slide6-768x432.jpg 768w, https:\/\/p7additives.com\/wp-content\/uploads\/2025\/11\/Slide6-18x10.jpg 18w, https:\/\/p7additives.com\/wp-content\/uploads\/2025\/11\/Slide6.jpg 1280w\" sizes=\"(max-width: 1024px) 100vw, 1024px\" \/>\t\t\t\t\t\t\t\t\t\t\t\t\t\t\t<\/div>\n\t\t\t\t<\/div>\n\t\t\t\t\t<\/div>\n\t\t<\/div>\n\t\t\t\t\t<\/div>\n\t\t<\/section>\n\t\t\t\t<section class=\"elementor-section elementor-top-section elementor-element elementor-element-25b40fe elementor-section-boxed elementor-section-height-default elementor-section-height-default\" data-id=\"25b40fe\" data-element_type=\"section\" data-e-type=\"section\">\n\t\t\t\t\t\t<div class=\"elementor-container elementor-column-gap-default\">\n\t\t\t\t\t<div class=\"elementor-column elementor-col-100 elementor-top-column elementor-element elementor-element-085c44a\" data-id=\"085c44a\" data-element_type=\"column\" data-e-type=\"column\">\n\t\t\t<div class=\"elementor-widget-wrap elementor-element-populated\">\n\t\t\t\t\t\t<div class=\"elementor-element elementor-element-1022409 elementor-widget elementor-widget-image\" data-id=\"1022409\" data-element_type=\"widget\" data-e-type=\"widget\" data-widget_type=\"image.default\">\n\t\t\t\t<div class=\"elementor-widget-container\">\n\t\t\t\t\t\t\t\t\t\t\t\t\t\t\t<img loading=\"lazy\" decoding=\"async\" width=\"1024\" height=\"576\" src=\"https:\/\/p7additives.com\/wp-content\/uploads\/2025\/11\/Slide7-1024x576.jpg\" class=\"attachment-large size-large wp-image-13874\" alt=\"\" srcset=\"https:\/\/p7additives.com\/wp-content\/uploads\/2025\/11\/Slide7-1024x576.jpg 1024w, https:\/\/p7additives.com\/wp-content\/uploads\/2025\/11\/Slide7-300x169.jpg 300w, https:\/\/p7additives.com\/wp-content\/uploads\/2025\/11\/Slide7-768x432.jpg 768w, https:\/\/p7additives.com\/wp-content\/uploads\/2025\/11\/Slide7-18x10.jpg 18w, https:\/\/p7additives.com\/wp-content\/uploads\/2025\/11\/Slide7.jpg 1280w\" sizes=\"(max-width: 1024px) 100vw, 1024px\" \/>\t\t\t\t\t\t\t\t\t\t\t\t\t\t\t<\/div>\n\t\t\t\t<\/div>\n\t\t\t\t\t<\/div>\n\t\t<\/div>\n\t\t\t\t\t<\/div>\n\t\t<\/section>\n\t\t\t\t<section class=\"elementor-section elementor-top-section elementor-element elementor-element-cf2493f elementor-section-boxed elementor-section-height-default elementor-section-height-default\" data-id=\"cf2493f\" data-element_type=\"section\" data-e-type=\"section\">\n\t\t\t\t\t\t<div class=\"elementor-container elementor-column-gap-default\">\n\t\t\t\t\t<div class=\"elementor-column elementor-col-100 elementor-top-column elementor-element elementor-element-97c2d2f\" data-id=\"97c2d2f\" data-element_type=\"column\" data-e-type=\"column\">\n\t\t\t<div class=\"elementor-widget-wrap elementor-element-populated\">\n\t\t\t\t\t\t<div class=\"elementor-element elementor-element-3be8639 elementor-widget elementor-widget-image\" data-id=\"3be8639\" data-element_type=\"widget\" data-e-type=\"widget\" data-widget_type=\"image.default\">\n\t\t\t\t<div class=\"elementor-widget-container\">\n\t\t\t\t\t\t\t\t\t\t\t\t\t\t\t<img loading=\"lazy\" decoding=\"async\" width=\"1024\" height=\"576\" src=\"https:\/\/p7additives.com\/wp-content\/uploads\/2025\/11\/Slide8-1024x576.jpg\" class=\"attachment-large size-large wp-image-13875\" alt=\"\" srcset=\"https:\/\/p7additives.com\/wp-content\/uploads\/2025\/11\/Slide8-1024x576.jpg 1024w, https:\/\/p7additives.com\/wp-content\/uploads\/2025\/11\/Slide8-300x169.jpg 300w, https:\/\/p7additives.com\/wp-content\/uploads\/2025\/11\/Slide8-768x432.jpg 768w, https:\/\/p7additives.com\/wp-content\/uploads\/2025\/11\/Slide8-18x10.jpg 18w, https:\/\/p7additives.com\/wp-content\/uploads\/2025\/11\/Slide8.jpg 1280w\" sizes=\"(max-width: 1024px) 100vw, 1024px\" \/>\t\t\t\t\t\t\t\t\t\t\t\t\t\t\t<\/div>\n\t\t\t\t<\/div>\n\t\t\t\t\t<\/div>\n\t\t<\/div>\n\t\t\t\t\t<\/div>\n\t\t<\/section>\n\t\t\t\t<\/div>","protected":false},"excerpt":{"rendered":"<p>Conhe\u00e7a nossa equipe Nossa equipe \u00e9 formada por profissionais com mais de 30 anos de experi\u00eancia em aditiva\u00e7\u00e3o de pol\u00edmeros, experi\u00eancia adquirida junto aos mais importantes fabricantes de aditivos do mundo<\/p>","protected":false},"author":1,"featured_media":0,"parent":0,"menu_order":0,"comment_status":"closed","ping_status":"closed","template":"","meta":{"_monsterinsights_skip_tracking":false,"_monsterinsights_sitenote_active":false,"_monsterinsights_sitenote_note":"","_monsterinsights_sitenote_category":0,"site-sidebar-layout":"no-sidebar","site-content-layout":"page-builder","ast-site-content-layout":"default","site-content-style":"default","site-sidebar-style":"default","ast-global-header-display":"","ast-banner-title-visibility":"","ast-main-header-display":"","ast-hfb-above-header-display":"","ast-hfb-below-header-display":"","ast-hfb-mobile-header-display":"","site-post-title":"","ast-breadcrumbs-content":"","ast-featured-img":"disabled","footer-sml-layout":"","ast-disable-related-posts":"","theme-transparent-header-meta":"default","adv-header-id-meta":"","stick-header-meta":"","header-above-stick-meta":"","header-main-stick-meta":"","header-below-stick-meta":"","astra-migrate-meta-layouts":"default","ast-page-background-enabled":"default","ast-page-background-meta":{"desktop":{"background-color":"","background-image":"","background-repeat":"repeat","background-position":"center center","background-size":"auto","background-attachment":"scroll","background-type":"","background-media":"","overlay-type":"","overlay-color":"","overlay-opacity":"","overlay-gradient":""},"tablet":{"background-color":"","background-image":"","background-repeat":"repeat","background-position":"center center","background-size":"auto","background-attachment":"scroll","background-type":"","background-media":"","overlay-type":"","overlay-color":"","overlay-opacity":"","overlay-gradient":""},"mobile":{"background-color":"","background-image":"","background-repeat":"repeat","background-position":"center center","background-size":"auto","background-attachment":"scroll","background-type":"","background-media":"","overlay-type":"","overlay-color":"","overlay-opacity":"","overlay-gradient":""}},"ast-content-background-meta":{"desktop":{"background-color":"var(--ast-global-color-5)","background-image":"","background-repeat":"repeat","background-position":"center center","background-size":"auto","background-attachment":"scroll","background-type":"","background-media":"","overlay-type":"","overlay-color":"","overlay-opacity":"","overlay-gradient":""},"tablet":{"background-color":"var(--ast-global-color-5)","background-image":"","background-repeat":"repeat","background-position":"center center","background-size":"auto","background-attachment":"scroll","background-type":"","background-media":"","overlay-type":"","overlay-color":"","overlay-opacity":"","overlay-gradient":""},"mobile":{"background-color":"var(--ast-global-color-5)","background-image":"","background-repeat":"repeat","background-position":"center center","background-size":"auto","background-attachment":"scroll","background-type":"","background-media":"","overlay-type":"","overlay-color":"","overlay-opacity":"","overlay-gradient":""}},"footnotes":""},"class_list":["post-1519","page","type-page","status-publish","hentry"],"_links":{"self":[{"href":"https:\/\/p7additives.com\/en\/wp-json\/wp\/v2\/pages\/1519","targetHints":{"allow":["GET"]}}],"collection":[{"href":"https:\/\/p7additives.com\/en\/wp-json\/wp\/v2\/pages"}],"about":[{"href":"https:\/\/p7additives.com\/en\/wp-json\/wp\/v2\/types\/page"}],"author":[{"embeddable":true,"href":"https:\/\/p7additives.com\/en\/wp-json\/wp\/v2\/users\/1"}],"replies":[{"embeddable":true,"href":"https:\/\/p7additives.com\/en\/wp-json\/wp\/v2\/comments?post=1519"}],"version-history":[{"count":147,"href":"https:\/\/p7additives.com\/en\/wp-json\/wp\/v2\/pages\/1519\/revisions"}],"predecessor-version":[{"id":13878,"href":"https:\/\/p7additives.com\/en\/wp-json\/wp\/v2\/pages\/1519\/revisions\/13878"}],"wp:attachment":[{"href":"https:\/\/p7additives.com\/en\/wp-json\/wp\/v2\/media?parent=1519"}],"curies":[{"name":"wp","href":"https:\/\/api.w.org\/{rel}","templated":true}]}}